{"id":6344,"date":"2020-09-14T19:13:40","date_gmt":"2020-09-14T19:13:40","guid":{"rendered":"https:\/\/colourfreakcosmetics.com\/about-us\/"},"modified":"2021-04-30T17:10:27","modified_gmt":"2021-04-30T15:10:27","slug":"over-ons","status":"publish","type":"page","link":"https:\/\/colourfreakcosmetics.com\/nl\/over-ons\/","title":{"rendered":"Over ons"},"content":{"rendered":"[vc_row type=&#8221;in_container&#8221; full_screen_row_position=&#8221;middle&#8221; column_margin=&#8221;default&#8221; scene_position=&#8221;center&#8221; text_color=&#8221;dark&#8221; text_align=&#8221;left&#8221; overlay_strength=&#8221;0.3&#8243; shape_divider_position=&#8221;bottom&#8221; bg_image_animation=&#8221;none&#8221;][vc_column column_padding=&#8221;no-extra-padding&#8221; column_padding_position=&#8221;all&#8221; background_color_opacity=&#8221;1&#8243; background_hover_color_opacity=&#8221;1&#8243; column_link_target=&#8221;_self&#8221; column_shadow=&#8221;none&#8221; column_border_radius=&#8221;none&#8221; width=&#8221;1\/1&#8243; tablet_width_inherit=&#8221;default&#8221; tablet_text_alignment=&#8221;default&#8221; phone_text_alignment=&#8221;default&#8221; overlay_strength=&#8221;0.3&#8243; column_border_width=&#8221;none&#8221; column_border_style=&#8221;solid&#8221; bg_image_animation=&#8221;none&#8221;][\/vc_column][\/vc_row][vc_row type=&#8221;in_container&#8221; full_screen_row_position=&#8221;middle&#8221; equal_height=&#8221;yes&#8221; content_placement=&#8221;top&#8221; column_margin=&#8221;default&#8221; scene_position=&#8221;center&#8221; text_color=&#8221;dark&#8221; text_align=&#8221;left&#8221; overlay_strength=&#8221;0.3&#8243; shape_divider_position=&#8221;bottom&#8221; bg_image_animation=&#8221;none&#8221; shape_type=&#8221;&#8221;][vc_column column_padding=&#8221;no-extra-padding&#8221; column_padding_position=&#8221;all&#8221; background_color_opacity=&#8221;1&#8243; background_hover_color_opacity=&#8221;1&#8243; column_link_target=&#8221;_self&#8221; column_shadow=&#8221;none&#8221; column_border_radius=&#8221;none&#8221; width=&#8221;1\/2&#8243; tablet_width_inherit=&#8221;default&#8221; tablet_text_alignment=&#8221;default&#8221; phone_text_alignment=&#8221;default&#8221; overlay_strength=&#8221;0.3&#8243; column_border_width=&#8221;none&#8221; column_border_style=&#8221;solid&#8221; bg_image_animation=&#8221;none&#8221;][vc_custom_heading text=&#8221;Over ons&#8221; font_container=&#8221;tag:h1|text_align:center&#8221; use_theme_fonts=&#8221;yes&#8221;][divider line_type=&#8221;No Line&#8221; custom_height=&#8221;50&#8243;][vc_column_text]\n<p style=\"text-align: center;\">Colour Freak Cosmetics is in 2019 officieel opgericht door Maricella Slijngaard, maar begon al in 2018.<\/p>\n<p style=\"text-align: center;\">Ons kleine maar niet bescheiden cosmeticamerk bestaat momenteel uit hoog gepigmenteerde lipgloss- tot lipstick-producten. Het idee dat Colour Freak Cosmetics de mogelijkheid en potentie heeft om uit te breiden naar een hele cosmeticalijn, is een van mijn grootste dromen!<\/p>\n<p style=\"text-align: center;\">Ik heb dit idee vanaf mijn eigen keukentafel gecre\u00eberd omdat ik een nieuw product wilde ontwikkelen voor mijn eigen gevoelige lippen. Daarom vond ik het niet meer dan normaal dat ik mijn eigen formule zou cre\u00ebren. Ik wist dat dit een lange weg zou worden, maar dat hield me niet tegen. Het belangrijkste voor mij was het cre\u00ebren van hoog gepigmenteerde kleuren en bovenal het cre\u00ebren van een formule die mijn gevoelige huid aankon; dat is waarom ik in de eerste plaats ben begonnen.<\/p>\n<p style=\"text-align: center;\">En alsof dit nog niet genoeg is, focussen wij ons ook op het garanderen van de beste kwaliteit voor alle Colour Freak Cosmetics producten. Bijna 3 jaar sinds de oprichting zijn we nu in staat om samen met onze labs en professionals de beste kwaliteit te garanderen. Het is tenslotte je gezicht, en daar moet je zuinig op zijn.<\/p>\n<p style=\"text-align: center;\">Bij Colour Freak Cosmetics ben je aan het juiste adres als je zoekt naar huidvriendelijke cosmetica met hoog gepigmenteerde kleuren van A+ kwaliteit en meer.<\/p>\n<p style=\"text-align: center;\">Volg ons op social media en schrijf je in voor onze nieuwsbrief om op de hoogte te blijven van onze laatste aankondigingen en releases.<\/p>\n<p style=\"text-align: center;\">Mis je dit, dan mis je het beste voor je gezicht!<\/p>\n<p style=\"text-align: center;\">6 juli 2020<\/p>\n[\/vc_column_text][\/vc_column][vc_column column_padding=&#8221;no-extra-padding&#8221; column_padding_position=&#8221;all&#8221; background_color_opacity=&#8221;1&#8243; background_hover_color_opacity=&#8221;1&#8243; column_link_target=&#8221;_self&#8221; column_shadow=&#8221;none&#8221; column_border_radius=&#8221;none&#8221; width=&#8221;1\/2&#8243; tablet_width_inherit=&#8221;default&#8221; tablet_text_alignment=&#8221;default&#8221; phone_text_alignment=&#8221;default&#8221; overlay_strength=&#8221;0.3&#8243; column_border_width=&#8221;none&#8221; column_border_style=&#8221;solid&#8221; bg_image_animation=&#8221;none&#8221;][image_with_animation image_url=&#8221;4706&#8243; alignment=&#8221;center&#8221; animation=&#8221;Fade In&#8221; hover_animation=&#8221;none&#8221; border_radius=&#8221;none&#8221; box_shadow=&#8221;none&#8221; image_loading=&#8221;default&#8221; max_width=&#8221;100%&#8221; max_width_mobile=&#8221;default&#8221;][\/vc_column][\/vc_row]\n","protected":false},"excerpt":{"rendered":"<p>[vc_row type=&#8221;in_container&#8221; full_screen_row_position=&#8221;middle&#8221; column_margin=&#8221;default&#8221; scene_position=&#8221;center&#8221; text_color=&#8221;dark&#8221; text_align=&#8221;left&#8221; overlay_strength=&#8221;0.3&#8243; shape_divider_position=&#8221;bottom&#8221; bg_image_animation=&#8221;none&#8221;][vc_column column_padding=&#8221;no-extra-padding&#8221; column_padding_position=&#8221;all&#8221; background_color_opacity=&#8221;1&#8243; background_hover_color_opacity=&#8221;1&#8243; column_link_target=&#8221;_self&#8221; column_shadow=&#8221;none&#8221; column_border_radius=&#8221;none&#8221; width=&#8221;1\/1&#8243; tablet_width_inherit=&#8221;default&#8221; tablet_text_alignment=&#8221;default&#8221; phone_text_alignment=&#8221;default&#8221; overlay_strength=&#8221;0.3&#8243; column_border_width=&#8221;none&#8221; column_border_style=&#8221;solid&#8221; bg_image_animation=&#8221;none&#8221;][\/vc_column][\/vc_row][vc_row type=&#8221;in_container&#8221; full_screen_row_position=&#8221;middle&#8221; equal_height=&#8221;yes&#8221; content_placement=&#8221;top&#8221; column_margin=&#8221;default&#8221;&#8230;<\/p>\n","protected":false},"author":11,"featured_media":0,"parent":0,"menu_order":0,"comment_status":"closed","ping_status":"closed","template":"","meta":{"footnotes":""},"class_list":["post-6344","page","type-page","status-publish"],"yoast_head":"<!-- This site is optimized with the Yoast SEO plugin v27.4 - https:\/\/yoast.com\/product\/yoast-seo-wordpress\/ -->\n<title>Over ons - Colour Freak Cosmetics<\/title>\n<meta name=\"robots\" content=\"index, follow, max-snippet:-1, max-image-preview:large, max-video-preview:-1\" \/>\n<link rel=\"canonical\" href=\"https:\/\/colourfreakcosmetics.com\/nl\/over-ons\/\" \/>\n<meta property=\"og:locale\" content=\"nl_NL\" \/>\n<meta property=\"og:type\" content=\"article\" \/>\n<meta property=\"og:title\" content=\"Over ons - Colour Freak Cosmetics\" \/>\n<meta property=\"og:description\" content=\"[vc_row type=&#8221;in_container&#8221; full_screen_row_position=&#8221;middle&#8221; column_margin=&#8221;default&#8221; scene_position=&#8221;center&#8221; text_color=&#8221;dark&#8221; text_align=&#8221;left&#8221; overlay_strength=&#8221;0.3&#8243; shape_divider_position=&#8221;bottom&#8221; bg_image_animation=&#8221;none&#8221;][vc_column column_padding=&#8221;no-extra-padding&#8221; column_padding_position=&#8221;all&#8221; background_color_opacity=&#8221;1&#8243; background_hover_color_opacity=&#8221;1&#8243; column_link_target=&#8221;_self&#8221; column_shadow=&#8221;none&#8221; column_border_radius=&#8221;none&#8221; width=&#8221;1\/1&#8243; tablet_width_inherit=&#8221;default&#8221; tablet_text_alignment=&#8221;default&#8221; phone_text_alignment=&#8221;default&#8221; overlay_strength=&#8221;0.3&#8243; column_border_width=&#8221;none&#8221; column_border_style=&#8221;solid&#8221; bg_image_animation=&#8221;none&#8221;][\/vc_column][\/vc_row][vc_row type=&#8221;in_container&#8221; full_screen_row_position=&#8221;middle&#8221; equal_height=&#8221;yes&#8221; content_placement=&#8221;top&#8221; column_margin=&#8221;default&#8221;...\" \/>\n<meta property=\"og:url\" content=\"https:\/\/colourfreakcosmetics.com\/nl\/over-ons\/\" \/>\n<meta property=\"og:site_name\" content=\"Colour Freak Cosmetics\" \/>\n<meta property=\"article:publisher\" content=\"https:\/\/www.instagram.com\/colourfreakcosmetics\/\" \/>\n<meta property=\"article:modified_time\" content=\"2021-04-30T15:10:27+00:00\" \/>\n<meta name=\"twitter:card\" content=\"summary_large_image\" \/>\n<meta name=\"twitter:label1\" content=\"Geschatte leestijd\" \/>\n\t<meta name=\"twitter:data1\" content=\"2 minuten\" \/>\n<script type=\"application\/ld+json\" class=\"yoast-schema-graph\">{\"@context\":\"https:\\\/\\\/schema.org\",\"@graph\":[{\"@type\":\"WebPage\",\"@id\":\"https:\\\/\\\/colourfreakcosmetics.com\\\/nl\\\/over-ons\\\/\",\"url\":\"https:\\\/\\\/colourfreakcosmetics.com\\\/nl\\\/over-ons\\\/\",\"name\":\"Over ons - Colour Freak Cosmetics\",\"isPartOf\":{\"@id\":\"https:\\\/\\\/colourfreakcosmetics.com\\\/nl\\\/#website\"},\"datePublished\":\"2020-09-14T19:13:40+00:00\",\"dateModified\":\"2021-04-30T15:10:27+00:00\",\"breadcrumb\":{\"@id\":\"https:\\\/\\\/colourfreakcosmetics.com\\\/nl\\\/over-ons\\\/#breadcrumb\"},\"inLanguage\":\"nl-NL\",\"potentialAction\":[{\"@type\":\"ReadAction\",\"target\":[\"https:\\\/\\\/colourfreakcosmetics.com\\\/nl\\\/over-ons\\\/\"]}]},{\"@type\":\"BreadcrumbList\",\"@id\":\"https:\\\/\\\/colourfreakcosmetics.com\\\/nl\\\/over-ons\\\/#breadcrumb\",\"itemListElement\":[{\"@type\":\"ListItem\",\"position\":1,\"name\":\"Home\",\"item\":\"https:\\\/\\\/colourfreakcosmetics.com\\\/nl\\\/\"},{\"@type\":\"ListItem\",\"position\":2,\"name\":\"Over ons\"}]},{\"@type\":\"WebSite\",\"@id\":\"https:\\\/\\\/colourfreakcosmetics.com\\\/nl\\\/#website\",\"url\":\"https:\\\/\\\/colourfreakcosmetics.com\\\/nl\\\/\",\"name\":\"Colour Freak Cosmetics\",\"description\":\"Colour Freak Cosmetics\",\"publisher\":{\"@id\":\"https:\\\/\\\/colourfreakcosmetics.com\\\/nl\\\/#organization\"},\"potentialAction\":[{\"@type\":\"SearchAction\",\"target\":{\"@type\":\"EntryPoint\",\"urlTemplate\":\"https:\\\/\\\/colourfreakcosmetics.com\\\/nl\\\/?s={search_term_string}\"},\"query-input\":{\"@type\":\"PropertyValueSpecification\",\"valueRequired\":true,\"valueName\":\"search_term_string\"}}],\"inLanguage\":\"nl-NL\"},{\"@type\":\"Organization\",\"@id\":\"https:\\\/\\\/colourfreakcosmetics.com\\\/nl\\\/#organization\",\"name\":\"Colour Freak Cosmetics\",\"url\":\"https:\\\/\\\/colourfreakcosmetics.com\\\/nl\\\/\",\"logo\":{\"@type\":\"ImageObject\",\"inLanguage\":\"nl-NL\",\"@id\":\"https:\\\/\\\/colourfreakcosmetics.com\\\/nl\\\/#\\\/schema\\\/logo\\\/image\\\/\",\"url\":\"https:\\\/\\\/colourfreakcosmetics.com\\\/wp-content\\\/uploads\\\/2019\\\/04\\\/Signature-lip-CFC-.jpg\",\"contentUrl\":\"https:\\\/\\\/colourfreakcosmetics.com\\\/wp-content\\\/uploads\\\/2019\\\/04\\\/Signature-lip-CFC-.jpg\",\"width\":247,\"height\":233,\"caption\":\"Colour Freak Cosmetics\"},\"image\":{\"@id\":\"https:\\\/\\\/colourfreakcosmetics.com\\\/nl\\\/#\\\/schema\\\/logo\\\/image\\\/\"},\"sameAs\":[\"https:\\\/\\\/www.instagram.com\\\/colourfreakcosmetics\\\/\"]}]}<\/script>\n<!-- \/ Yoast SEO plugin. -->","yoast_head_json":{"title":"Over ons - Colour Freak Cosmetics","robots":{"index":"index","follow":"follow","max-snippet":"max-snippet:-1","max-image-preview":"max-image-preview:large","max-video-preview":"max-video-preview:-1"},"canonical":"https:\/\/colourfreakcosmetics.com\/nl\/over-ons\/","og_locale":"nl_NL","og_type":"article","og_title":"Over ons - Colour Freak Cosmetics","og_description":"[vc_row type=&#8221;in_container&#8221; full_screen_row_position=&#8221;middle&#8221; column_margin=&#8221;default&#8221; scene_position=&#8221;center&#8221; text_color=&#8221;dark&#8221; text_align=&#8221;left&#8221; overlay_strength=&#8221;0.3&#8243; shape_divider_position=&#8221;bottom&#8221; bg_image_animation=&#8221;none&#8221;][vc_column column_padding=&#8221;no-extra-padding&#8221; column_padding_position=&#8221;all&#8221; background_color_opacity=&#8221;1&#8243; background_hover_color_opacity=&#8221;1&#8243; column_link_target=&#8221;_self&#8221; column_shadow=&#8221;none&#8221; column_border_radius=&#8221;none&#8221; width=&#8221;1\/1&#8243; tablet_width_inherit=&#8221;default&#8221; tablet_text_alignment=&#8221;default&#8221; phone_text_alignment=&#8221;default&#8221; overlay_strength=&#8221;0.3&#8243; column_border_width=&#8221;none&#8221; column_border_style=&#8221;solid&#8221; bg_image_animation=&#8221;none&#8221;][\/vc_column][\/vc_row][vc_row type=&#8221;in_container&#8221; full_screen_row_position=&#8221;middle&#8221; equal_height=&#8221;yes&#8221; content_placement=&#8221;top&#8221; column_margin=&#8221;default&#8221;...","og_url":"https:\/\/colourfreakcosmetics.com\/nl\/over-ons\/","og_site_name":"Colour Freak Cosmetics","article_publisher":"https:\/\/www.instagram.com\/colourfreakcosmetics\/","article_modified_time":"2021-04-30T15:10:27+00:00","twitter_card":"summary_large_image","twitter_misc":{"Geschatte leestijd":"2 minuten"},"schema":{"@context":"https:\/\/schema.org","@graph":[{"@type":"WebPage","@id":"https:\/\/colourfreakcosmetics.com\/nl\/over-ons\/","url":"https:\/\/colourfreakcosmetics.com\/nl\/over-ons\/","name":"Over ons - Colour Freak Cosmetics","isPartOf":{"@id":"https:\/\/colourfreakcosmetics.com\/nl\/#website"},"datePublished":"2020-09-14T19:13:40+00:00","dateModified":"2021-04-30T15:10:27+00:00","breadcrumb":{"@id":"https:\/\/colourfreakcosmetics.com\/nl\/over-ons\/#breadcrumb"},"inLanguage":"nl-NL","potentialAction":[{"@type":"ReadAction","target":["https:\/\/colourfreakcosmetics.com\/nl\/over-ons\/"]}]},{"@type":"BreadcrumbList","@id":"https:\/\/colourfreakcosmetics.com\/nl\/over-ons\/#breadcrumb","itemListElement":[{"@type":"ListItem","position":1,"name":"Home","item":"https:\/\/colourfreakcosmetics.com\/nl\/"},{"@type":"ListItem","position":2,"name":"Over ons"}]},{"@type":"WebSite","@id":"https:\/\/colourfreakcosmetics.com\/nl\/#website","url":"https:\/\/colourfreakcosmetics.com\/nl\/","name":"Colour Freak Cosmetics","description":"Colour Freak Cosmetics","publisher":{"@id":"https:\/\/colourfreakcosmetics.com\/nl\/#organization"},"potentialAction":[{"@type":"SearchAction","target":{"@type":"EntryPoint","urlTemplate":"https:\/\/colourfreakcosmetics.com\/nl\/?s={search_term_string}"},"query-input":{"@type":"PropertyValueSpecification","valueRequired":true,"valueName":"search_term_string"}}],"inLanguage":"nl-NL"},{"@type":"Organization","@id":"https:\/\/colourfreakcosmetics.com\/nl\/#organization","name":"Colour Freak Cosmetics","url":"https:\/\/colourfreakcosmetics.com\/nl\/","logo":{"@type":"ImageObject","inLanguage":"nl-NL","@id":"https:\/\/colourfreakcosmetics.com\/nl\/#\/schema\/logo\/image\/","url":"https:\/\/colourfreakcosmetics.com\/wp-content\/uploads\/2019\/04\/Signature-lip-CFC-.jpg","contentUrl":"https:\/\/colourfreakcosmetics.com\/wp-content\/uploads\/2019\/04\/Signature-lip-CFC-.jpg","width":247,"height":233,"caption":"Colour Freak Cosmetics"},"image":{"@id":"https:\/\/colourfreakcosmetics.com\/nl\/#\/schema\/logo\/image\/"},"sameAs":["https:\/\/www.instagram.com\/colourfreakcosmetics\/"]}]}},"jetpack_sharing_enabled":true,"_links":{"self":[{"href":"https:\/\/colourfreakcosmetics.com\/nl\/wp-json\/wp\/v2\/pages\/6344","targetHints":{"allow":["GET"]}}],"collection":[{"href":"https:\/\/colourfreakcosmetics.com\/nl\/wp-json\/wp\/v2\/pages"}],"about":[{"href":"https:\/\/colourfreakcosmetics.com\/nl\/wp-json\/wp\/v2\/types\/page"}],"author":[{"embeddable":true,"href":"https:\/\/colourfreakcosmetics.com\/nl\/wp-json\/wp\/v2\/users\/11"}],"replies":[{"embeddable":true,"href":"https:\/\/colourfreakcosmetics.com\/nl\/wp-json\/wp\/v2\/comments?post=6344"}],"version-history":[{"count":5,"href":"https:\/\/colourfreakcosmetics.com\/nl\/wp-json\/wp\/v2\/pages\/6344\/revisions"}],"predecessor-version":[{"id":6631,"href":"https:\/\/colourfreakcosmetics.com\/nl\/wp-json\/wp\/v2\/pages\/6344\/revisions\/6631"}],"wp:attachment":[{"href":"https:\/\/colourfreakcosmetics.com\/nl\/wp-json\/wp\/v2\/media?parent=6344"}],"curies":[{"name":"wp","href":"https:\/\/api.w.org\/{rel}","templated":true}]}}