{"id":6445,"date":"2022-02-07T20:00:58","date_gmt":"2020-08-08T09:01:58","guid":{"rendered":"https:\/\/colourfreakcosmetics.com\/product\/lipstick-bundleset\/"},"modified":"2024-12-23T00:00:04","modified_gmt":"2024-12-22T23:00:04","slug":"lipstick-bundleset","status":"publish","type":"product","link":"https:\/\/colourfreakcosmetics.com\/nl\/product\/lipstick-bundleset\/","title":{"rendered":"Lipstick (set)"},"content":{"rendered":"<h2>Over Colour Freak Cosmetics<\/h2>\n<p>Colour Freak Cosmetics is een cosmeticamerk opgericht in 2019 dat zich specialiseert in de gevoelige huid, hoge pigmentaties en exotische geuren. Momenteel staan wij bekend om onze kwalitatieve lippencollectie Colour Explosion. Bij Colour Freak Cosmetics staan de wensen van de consument wet- en regelgeving en kwaliteit centraal.<\/p>\n<p>Colour Freak Cosmetics matte lippenstift set is de ultieme lippenstift als jij last hebt van, droge lippen of als jij jouw lippen graag de juiste verzorging wilt geven. Colour Freak Cosmetics matte lippenstift set heeft zeer voedende, maar niet droge formules die de lippen hydrateren en verzorgen. De matte lippenstiften van Colour Freak Cosmetics bieden na een keer aanbrengen al een volledige dekking.<\/p>\n<h2>Onze formule<\/h2>\n<p>Deze formule bevat Vitamine E, SPF 30 om jouw lippen jong te houden en minerale oli\u00ebn die de vocht balans van jouw lippen reguleert en kalmeert. De matte lippenstiften zorgen ervoor dat de lippen zich enigszins afsluiten voor de buitenlucht en o.a. uitstekend kunnen herstellen bij wondheling, schilfers en droge lippen. Colour Freak Cosmetics anti-aging serum zorgt er daarnaast voor dat jouw lippen jong en gezond blijven.<\/p>\n<p>Omdat Colour Freak Cosmetics niet alleen staat voor verzorging, maar ook voor uitstraling, bezit deze matte lippenstift set van Colour Freak Cosmetics ook over hoge pigmentaties waar je u tegen zegt, en heerlijke geuren zoals papaja, kersen, ananas , en essenti\u00eble etherische bloemen en noten oli\u00ebn, die de lippen voldoende voeden, hydrateren en als resultaat geweldige zachte lippen en gezond uitstralende lippen achterlaten. Voor het aanbrengen van de matte lippenstift raden wij onze consumenten altijd aan om vooraf een vette en voedende lippen balsem of lippen cr\u00e8me aan te brengen voor extra bescherming van jouw lippen.<\/p>\n<h2>Bestellen via Colour Freak Cosmetics<\/h2>\n<p>Deze matte lippenstiften set is nu te bestellen via <a href=\"http:\/\/www.colourfreakcosmetics.com\">www.colourfreakcosmetics.com<\/a>. De levertijd is gemiddeld 2-3 werkdagen (exclusief feestdagen). Bestellingen naar het buitenland hebben een langere levertijd. Bestellingen worden binnen 1-2 dagen verwerkt (exclusief levertijd). Wil jij graag meer weten over deze matte lippenstift set? stuur dan een e-mail naar onze klantenservice <a href=\"mailto:Info@colourfreakcosmetics.com\">Info@colourfreakcosmetics.com<\/a>, wij helpen u graag met al uw vragen.<\/p>\n","protected":false},"excerpt":{"rendered":"<p><strong>Matte lippenstift set \u2013 Silky Matte Lips Set<\/strong><\/p>\n<p>Colour Freak Cosmetics matte lippenstift set is speciaal geformuleerd voor de gevoelige lippen. Onze matte lippenstift set is rijk aan etherische oli\u00ebn waaronder, vitamine E, noten oli\u00ebn en bloemen oli\u00ebn waardoor de lippen gedurende de dag en nacht jong en gezond worden gehouden. Colour Freak Cosmetics matte lippenstift set bevat geen droge formules, dit zodat de matte lippenstift niet afbrokkelt of de lippen uitdrogen. Hierdoor dragen onze matte lippenstiften bij aan het verbeteren en voorkomen van droge en\/of schilferende lippen. Naast deze voedende formule bezit onze matte lippenstiften set over hoge pigmentaties en een exotische geuren zoals kersen, papaja en ananas. Verder zijn onze matte lippenstiften long lasting tot wel 6+ uur en ook nog eens waterproof.<\/p>\n","protected":false},"featured_media":6446,"comment_status":"open","ping_status":"closed","template":"","meta":{"jetpack_publicize_message":"","jetpack_publicize_feature_enabled":true,"jetpack_social_post_already_shared":false,"jetpack_social_options":{"image_generator_settings":{"template":"highway","default_image_id":0,"font":"","enabled":false},"version":2}},"product_brand":[],"product_cat":[91,84,90],"product_tag":[96,94,101],"class_list":{"0":"post-6445","1":"product","2":"type-product","3":"status-publish","4":"has-post-thumbnail","6":"product_cat-alle-producten","7":"product_cat-bundels-sets","8":"product_cat-sale-nl","9":"product_tag-duurzaam","10":"product_tag-hoge-pigmentatie","11":"product_tag-rijk-aan-vitamine-e","13":"first","14":"instock","15":"taxable","16":"shipping-taxable","17":"purchasable","18":"product-type-simple"},"yoast_head":"<!-- This site is optimized with the Yoast SEO plugin v27.4 - https:\/\/yoast.com\/product\/yoast-seo-wordpress\/ -->\n<title>Lipstick (set) - Colour Freak Cosmetics<\/title>\n<meta name=\"robots\" content=\"index, follow, max-snippet:-1, max-image-preview:large, max-video-preview:-1\" \/>\n<link rel=\"canonical\" href=\"https:\/\/colourfreakcosmetics.com\/nl\/product\/lipstick-bundleset\/\" \/>\n<meta property=\"og:locale\" content=\"nl_NL\" \/>\n<meta property=\"og:type\" content=\"article\" \/>\n<meta property=\"og:title\" content=\"Lipstick (set) - Colour Freak Cosmetics\" \/>\n<meta property=\"og:description\" content=\"Matte lippenstift set \u2013 Silky Matte Lips Set  Colour Freak Cosmetics matte lippenstift set is speciaal geformuleerd voor de gevoelige lippen. Onze matte lippenstift set is rijk aan etherische oli\u00ebn waaronder, vitamine E, noten oli\u00ebn en bloemen oli\u00ebn waardoor de lippen gedurende de dag en nacht jong en gezond worden gehouden. Colour Freak Cosmetics matte lippenstift set bevat geen droge formules, dit zodat de matte lippenstift niet afbrokkelt of de lippen uitdrogen. Hierdoor dragen onze matte lippenstiften bij aan het verbeteren en voorkomen van droge en\/of schilferende lippen. Naast deze voedende formule bezit onze matte lippenstiften set over hoge pigmentaties en een exotische geuren zoals kersen, papaja en ananas. Verder zijn onze matte lippenstiften long lasting tot wel 6+ uur en ook nog eens waterproof.\" \/>\n<meta property=\"og:url\" content=\"https:\/\/colourfreakcosmetics.com\/nl\/product\/lipstick-bundleset\/\" \/>\n<meta property=\"og:site_name\" content=\"Colour Freak Cosmetics\" \/>\n<meta property=\"article:publisher\" content=\"https:\/\/www.instagram.com\/colourfreakcosmetics\/\" \/>\n<meta property=\"article:modified_time\" content=\"2024-12-22T23:00:04+00:00\" \/>\n<meta property=\"og:image\" content=\"https:\/\/colourfreakcosmetics.com\/wp-content\/uploads\/2020\/08\/Matte-Trio-1024x768.png\" \/>\n\t<meta property=\"og:image:width\" content=\"1024\" \/>\n\t<meta property=\"og:image:height\" content=\"768\" \/>\n\t<meta property=\"og:image:type\" content=\"image\/png\" \/>\n<meta name=\"twitter:card\" content=\"summary_large_image\" \/>\n<meta name=\"twitter:label1\" content=\"Geschatte leestijd\" \/>\n\t<meta name=\"twitter:data1\" content=\"2 minuten\" \/>\n<script type=\"application\/ld+json\" class=\"yoast-schema-graph\">{\"@context\":\"https:\\\/\\\/schema.org\",\"@graph\":[{\"@type\":\"WebPage\",\"@id\":\"https:\\\/\\\/colourfreakcosmetics.com\\\/nl\\\/product\\\/lipstick-bundleset\\\/\",\"url\":\"https:\\\/\\\/colourfreakcosmetics.com\\\/nl\\\/product\\\/lipstick-bundleset\\\/\",\"name\":\"Lipstick (set) - Colour Freak Cosmetics\",\"isPartOf\":{\"@id\":\"https:\\\/\\\/colourfreakcosmetics.com\\\/nl\\\/#website\"},\"primaryImageOfPage\":{\"@id\":\"https:\\\/\\\/colourfreakcosmetics.com\\\/nl\\\/product\\\/lipstick-bundleset\\\/#primaryimage\"},\"image\":{\"@id\":\"https:\\\/\\\/colourfreakcosmetics.com\\\/nl\\\/product\\\/lipstick-bundleset\\\/#primaryimage\"},\"thumbnailUrl\":\"https:\\\/\\\/colourfreakcosmetics.com\\\/wp-content\\\/uploads\\\/2020\\\/08\\\/Matte-Trio.png\",\"datePublished\":\"2020-08-08T09:01:58+00:00\",\"dateModified\":\"2024-12-22T23:00:04+00:00\",\"breadcrumb\":{\"@id\":\"https:\\\/\\\/colourfreakcosmetics.com\\\/nl\\\/product\\\/lipstick-bundleset\\\/#breadcrumb\"},\"inLanguage\":\"nl-NL\",\"potentialAction\":[{\"@type\":\"ReadAction\",\"target\":[\"https:\\\/\\\/colourfreakcosmetics.com\\\/nl\\\/product\\\/lipstick-bundleset\\\/\"]}]},{\"@type\":\"ImageObject\",\"inLanguage\":\"nl-NL\",\"@id\":\"https:\\\/\\\/colourfreakcosmetics.com\\\/nl\\\/product\\\/lipstick-bundleset\\\/#primaryimage\",\"url\":\"https:\\\/\\\/colourfreakcosmetics.com\\\/wp-content\\\/uploads\\\/2020\\\/08\\\/Matte-Trio.png\",\"contentUrl\":\"https:\\\/\\\/colourfreakcosmetics.com\\\/wp-content\\\/uploads\\\/2020\\\/08\\\/Matte-Trio.png\",\"width\":2500,\"height\":1875},{\"@type\":\"BreadcrumbList\",\"@id\":\"https:\\\/\\\/colourfreakcosmetics.com\\\/nl\\\/product\\\/lipstick-bundleset\\\/#breadcrumb\",\"itemListElement\":[{\"@type\":\"ListItem\",\"position\":1,\"name\":\"Home\",\"item\":\"https:\\\/\\\/colourfreakcosmetics.com\\\/nl\\\/\"},{\"@type\":\"ListItem\",\"position\":2,\"name\":\"Shop\",\"item\":\"https:\\\/\\\/colourfreakcosmetics.com\\\/nl\\\/shop\\\/\"},{\"@type\":\"ListItem\",\"position\":3,\"name\":\"Lipstick (set)\"}]},{\"@type\":\"WebSite\",\"@id\":\"https:\\\/\\\/colourfreakcosmetics.com\\\/nl\\\/#website\",\"url\":\"https:\\\/\\\/colourfreakcosmetics.com\\\/nl\\\/\",\"name\":\"Colour Freak Cosmetics\",\"description\":\"Colour Freak Cosmetics\",\"publisher\":{\"@id\":\"https:\\\/\\\/colourfreakcosmetics.com\\\/nl\\\/#organization\"},\"potentialAction\":[{\"@type\":\"SearchAction\",\"target\":{\"@type\":\"EntryPoint\",\"urlTemplate\":\"https:\\\/\\\/colourfreakcosmetics.com\\\/nl\\\/?s={search_term_string}\"},\"query-input\":{\"@type\":\"PropertyValueSpecification\",\"valueRequired\":true,\"valueName\":\"search_term_string\"}}],\"inLanguage\":\"nl-NL\"},{\"@type\":\"Organization\",\"@id\":\"https:\\\/\\\/colourfreakcosmetics.com\\\/nl\\\/#organization\",\"name\":\"Colour Freak Cosmetics\",\"url\":\"https:\\\/\\\/colourfreakcosmetics.com\\\/nl\\\/\",\"logo\":{\"@type\":\"ImageObject\",\"inLanguage\":\"nl-NL\",\"@id\":\"https:\\\/\\\/colourfreakcosmetics.com\\\/nl\\\/#\\\/schema\\\/logo\\\/image\\\/\",\"url\":\"https:\\\/\\\/colourfreakcosmetics.com\\\/wp-content\\\/uploads\\\/2019\\\/04\\\/Signature-lip-CFC-.jpg\",\"contentUrl\":\"https:\\\/\\\/colourfreakcosmetics.com\\\/wp-content\\\/uploads\\\/2019\\\/04\\\/Signature-lip-CFC-.jpg\",\"width\":247,\"height\":233,\"caption\":\"Colour Freak Cosmetics\"},\"image\":{\"@id\":\"https:\\\/\\\/colourfreakcosmetics.com\\\/nl\\\/#\\\/schema\\\/logo\\\/image\\\/\"},\"sameAs\":[\"https:\\\/\\\/www.instagram.com\\\/colourfreakcosmetics\\\/\"]}]}<\/script>\n<!-- \/ Yoast SEO plugin. -->","yoast_head_json":{"title":"Lipstick (set) - Colour Freak Cosmetics","robots":{"index":"index","follow":"follow","max-snippet":"max-snippet:-1","max-image-preview":"max-image-preview:large","max-video-preview":"max-video-preview:-1"},"canonical":"https:\/\/colourfreakcosmetics.com\/nl\/product\/lipstick-bundleset\/","og_locale":"nl_NL","og_type":"article","og_title":"Lipstick (set) - Colour Freak Cosmetics","og_description":"Matte lippenstift set \u2013 Silky Matte Lips Set  Colour Freak Cosmetics matte lippenstift set is speciaal geformuleerd voor de gevoelige lippen. Onze matte lippenstift set is rijk aan etherische oli\u00ebn waaronder, vitamine E, noten oli\u00ebn en bloemen oli\u00ebn waardoor de lippen gedurende de dag en nacht jong en gezond worden gehouden. Colour Freak Cosmetics matte lippenstift set bevat geen droge formules, dit zodat de matte lippenstift niet afbrokkelt of de lippen uitdrogen. Hierdoor dragen onze matte lippenstiften bij aan het verbeteren en voorkomen van droge en\/of schilferende lippen. Naast deze voedende formule bezit onze matte lippenstiften set over hoge pigmentaties en een exotische geuren zoals kersen, papaja en ananas. Verder zijn onze matte lippenstiften long lasting tot wel 6+ uur en ook nog eens waterproof.","og_url":"https:\/\/colourfreakcosmetics.com\/nl\/product\/lipstick-bundleset\/","og_site_name":"Colour Freak Cosmetics","article_publisher":"https:\/\/www.instagram.com\/colourfreakcosmetics\/","article_modified_time":"2024-12-22T23:00:04+00:00","og_image":[{"width":1024,"height":768,"url":"https:\/\/colourfreakcosmetics.com\/wp-content\/uploads\/2020\/08\/Matte-Trio-1024x768.png","type":"image\/png"}],"twitter_card":"summary_large_image","twitter_misc":{"Geschatte leestijd":"2 minuten"},"schema":{"@context":"https:\/\/schema.org","@graph":[{"@type":"WebPage","@id":"https:\/\/colourfreakcosmetics.com\/nl\/product\/lipstick-bundleset\/","url":"https:\/\/colourfreakcosmetics.com\/nl\/product\/lipstick-bundleset\/","name":"Lipstick (set) - Colour Freak Cosmetics","isPartOf":{"@id":"https:\/\/colourfreakcosmetics.com\/nl\/#website"},"primaryImageOfPage":{"@id":"https:\/\/colourfreakcosmetics.com\/nl\/product\/lipstick-bundleset\/#primaryimage"},"image":{"@id":"https:\/\/colourfreakcosmetics.com\/nl\/product\/lipstick-bundleset\/#primaryimage"},"thumbnailUrl":"https:\/\/colourfreakcosmetics.com\/wp-content\/uploads\/2020\/08\/Matte-Trio.png","datePublished":"2020-08-08T09:01:58+00:00","dateModified":"2024-12-22T23:00:04+00:00","breadcrumb":{"@id":"https:\/\/colourfreakcosmetics.com\/nl\/product\/lipstick-bundleset\/#breadcrumb"},"inLanguage":"nl-NL","potentialAction":[{"@type":"ReadAction","target":["https:\/\/colourfreakcosmetics.com\/nl\/product\/lipstick-bundleset\/"]}]},{"@type":"ImageObject","inLanguage":"nl-NL","@id":"https:\/\/colourfreakcosmetics.com\/nl\/product\/lipstick-bundleset\/#primaryimage","url":"https:\/\/colourfreakcosmetics.com\/wp-content\/uploads\/2020\/08\/Matte-Trio.png","contentUrl":"https:\/\/colourfreakcosmetics.com\/wp-content\/uploads\/2020\/08\/Matte-Trio.png","width":2500,"height":1875},{"@type":"BreadcrumbList","@id":"https:\/\/colourfreakcosmetics.com\/nl\/product\/lipstick-bundleset\/#breadcrumb","itemListElement":[{"@type":"ListItem","position":1,"name":"Home","item":"https:\/\/colourfreakcosmetics.com\/nl\/"},{"@type":"ListItem","position":2,"name":"Shop","item":"https:\/\/colourfreakcosmetics.com\/nl\/shop\/"},{"@type":"ListItem","position":3,"name":"Lipstick (set)"}]},{"@type":"WebSite","@id":"https:\/\/colourfreakcosmetics.com\/nl\/#website","url":"https:\/\/colourfreakcosmetics.com\/nl\/","name":"Colour Freak Cosmetics","description":"Colour Freak Cosmetics","publisher":{"@id":"https:\/\/colourfreakcosmetics.com\/nl\/#organization"},"potentialAction":[{"@type":"SearchAction","target":{"@type":"EntryPoint","urlTemplate":"https:\/\/colourfreakcosmetics.com\/nl\/?s={search_term_string}"},"query-input":{"@type":"PropertyValueSpecification","valueRequired":true,"valueName":"search_term_string"}}],"inLanguage":"nl-NL"},{"@type":"Organization","@id":"https:\/\/colourfreakcosmetics.com\/nl\/#organization","name":"Colour Freak Cosmetics","url":"https:\/\/colourfreakcosmetics.com\/nl\/","logo":{"@type":"ImageObject","inLanguage":"nl-NL","@id":"https:\/\/colourfreakcosmetics.com\/nl\/#\/schema\/logo\/image\/","url":"https:\/\/colourfreakcosmetics.com\/wp-content\/uploads\/2019\/04\/Signature-lip-CFC-.jpg","contentUrl":"https:\/\/colourfreakcosmetics.com\/wp-content\/uploads\/2019\/04\/Signature-lip-CFC-.jpg","width":247,"height":233,"caption":"Colour Freak Cosmetics"},"image":{"@id":"https:\/\/colourfreakcosmetics.com\/nl\/#\/schema\/logo\/image\/"},"sameAs":["https:\/\/www.instagram.com\/colourfreakcosmetics\/"]}]}},"jetpack_publicize_connections":[],"jetpack_sharing_enabled":true,"_links":{"self":[{"href":"https:\/\/colourfreakcosmetics.com\/nl\/wp-json\/wp\/v2\/product\/6445","targetHints":{"allow":["GET"]}}],"collection":[{"href":"https:\/\/colourfreakcosmetics.com\/nl\/wp-json\/wp\/v2\/product"}],"about":[{"href":"https:\/\/colourfreakcosmetics.com\/nl\/wp-json\/wp\/v2\/types\/product"}],"replies":[{"embeddable":true,"href":"https:\/\/colourfreakcosmetics.com\/nl\/wp-json\/wp\/v2\/comments?post=6445"}],"wp:featuredmedia":[{"embeddable":true,"href":"https:\/\/colourfreakcosmetics.com\/nl\/wp-json\/wp\/v2\/media\/6446"}],"wp:attachment":[{"href":"https:\/\/colourfreakcosmetics.com\/nl\/wp-json\/wp\/v2\/media?parent=6445"}],"wp:term":[{"taxonomy":"product_brand","embeddable":true,"href":"https:\/\/colourfreakcosmetics.com\/nl\/wp-json\/wp\/v2\/product_brand?post=6445"},{"taxonomy":"product_cat","embeddable":true,"href":"https:\/\/colourfreakcosmetics.com\/nl\/wp-json\/wp\/v2\/product_cat?post=6445"},{"taxonomy":"product_tag","embeddable":true,"href":"https:\/\/colourfreakcosmetics.com\/nl\/wp-json\/wp\/v2\/product_tag?post=6445"}],"curies":[{"name":"wp","href":"https:\/\/api.w.org\/{rel}","templated":true}]}}