{"id":6447,"date":"2020-08-08T10:51:41","date_gmt":"2020-08-08T08:51:41","guid":{"rendered":"https:\/\/colourfreakcosmetics.com\/product\/bite-lipstick-2\/"},"modified":"2023-11-30T00:00:47","modified_gmt":"2023-11-29T23:00:47","slug":"bite-lipstick-2","status":"publish","type":"product","link":"https:\/\/colourfreakcosmetics.com\/nl\/product\/bite-lipstick-2\/","title":{"rendered":"Bite &#8211; Lipstick"},"content":{"rendered":"<h2>Over Colour Freak Cosmetics<\/h2>\n<p>Colour Freak Cosmetics is een cosmeticamerk opgericht in 2019 dat zich specialiseert in de gevoelige huid, hiernaast ligt onze focus op hoge pigmentaties en exotische geuren. Momenteel staan wij bekend om onze kwalitatieve lippencollectie Colour Explosion. Bij Colour Freak Cosmetics staan de wensen van de consument wet- en regelgeving en kwaliteit centraal.<\/p>\n<h2>Lippenstift voor droge lippen<\/h2>\n<p>Colour Freak Cosmetics Bite matte lippenstift, is de ultieme lippenstift als jij last hebt van droge lippen of jij jouw lippen graag de juiste verzorging wilt bieden. Bite heeft een zeer voedende maar niet droge formule die de lippen hydrateren en verzorgen. Bite lippenstift van Colour Freak Cosmetics biedt na een keer aanbrengen al een volledige dekking.<\/p>\n<h2>Formule<\/h2>\n<p>Deze formule bevat Vitamine E, SPF 30 om jouw lippen jong te houden en minerale oli\u00ebn die de vocht balans van jouw lippen reguleert en kalmeert. Bite matte lippenstift zorgt ervoor dat de lippen zich enigszins afsluiten voor de buitenlucht en o.a. uitstekend kunnen herstellen bij wondheling, schilfers en droge lippen. Colour Freak Cosmetics anti-aging serum zorgt er daarnaast voor dat jouw lippen jong en gezond blijven.<\/p>\n<p>Omdat Colour Freak Cosmetics niet alleen staat voor verzorging, maar ook voor uitstraling, bezit Bite matte lippenstift van Colour Freak Cosmetics ook over een hoge pigmentatie waar je u tegen zegt, een heerlijke papaja geur, en essenti\u00eble etherische bloemen en noten oli\u00ebn die de lippen voldoende voeden, hydrateren en als resultaat geweldige zachte lippen en gezond uitstralende lippen achterlaten. Voor het aanbrengen van de matte lippenstift raden wij onze consumenten altijd aan om vooraf een vette en voedende lippen balsem of lippen cr\u00e8me aan te brengen voor extra bescherming van jouw lippen.<\/p>\n<h2>Bestellen bij Colour Freak Cosmetics<\/h2>\n<p>Bite matte lippenstift is nu te bestellen via <a href=\"http:\/\/www.colourfreakcosmetics.com\">www.colourfreakcosmetics.com<\/a>. De levertijd is gemiddeld 2-3 werkdagen (exclusief feestdagen). Bestellingen naar het buitenland hebben een langere levertijd. Bestellingen worden binnen 1-2 dagen verwerkt (exclusief levertijd). Wil jij graag meer weten over Bite matte lippenstift? stuur dan een e-mail naar onze klantenservice <a href=\"mailto:Info@colourfreakcosmetics.com\">Info@colourfreakcosmetics.com<\/a>,\u00a0 wij helpen u graag met al uw vragen.<\/p>\n","protected":false},"excerpt":{"rendered":"<h3>Matte lippenstift \u2013 BITE \u2013 Silky Matte Lips<\/h3>\n<p>Colour Freak Cosmetics Bite matte lippenstift is speciaal geformuleerd voor de gevoelige lippen. Bite is rijk aan etherische oli\u00ebn waaronder, vitamine E, noten oli\u00ebn en bloemen oli\u00ebn waardoor de lippen gedurende de dag en nacht jong en gezond worden gehouden. Colour Freak Cosmetics lippenstiften bevatten geen droge formules, zodat de lippenstift niet afbrokkelt of de lippen uitdrogen. Hierdoor draagt onze Bite matte lippenstift bij aan het verbeteren en voorkomen van droge en\/of schilferende lippen. Naast deze voedende formule bezit Bite ook over een hoge pigmentatie en een exotische papaja geur, en is Bite long lasting tot wel 6+ uur en ook nog eens waterproof.<\/p>\n","protected":false},"featured_media":6448,"comment_status":"open","ping_status":"closed","template":"","meta":{"jetpack_publicize_message":"","jetpack_publicize_feature_enabled":true,"jetpack_social_post_already_shared":false,"jetpack_social_options":{"image_generator_settings":{"template":"highway","default_image_id":0,"font":"","enabled":false},"version":2}},"product_brand":[],"product_cat":[91,102,89,90],"product_tag":[96,99,101,103],"class_list":{"0":"post-6447","1":"product","2":"type-product","3":"status-publish","4":"has-post-thumbnail","6":"product_cat-alle-producten","7":"product_cat-lippen","8":"product_cat-lipstick","9":"product_cat-sale-nl","10":"product_tag-duurzaam","11":"product_tag-papaja-geur","12":"product_tag-rijk-aan-vitamine-e","13":"product_tag-zijdezacht-mat","15":"first","16":"instock","17":"taxable","18":"shipping-taxable","19":"purchasable","20":"product-type-simple"},"yoast_head":"<!-- This site is optimized with the Yoast SEO plugin v27.4 - https:\/\/yoast.com\/product\/yoast-seo-wordpress\/ -->\n<title>Bite - Lipstick - Colour Freak Cosmetics<\/title>\n<meta name=\"robots\" content=\"index, follow, max-snippet:-1, max-image-preview:large, max-video-preview:-1\" \/>\n<link rel=\"canonical\" href=\"https:\/\/colourfreakcosmetics.com\/nl\/product\/bite-lipstick-2\/\" \/>\n<meta property=\"og:locale\" content=\"nl_NL\" \/>\n<meta property=\"og:type\" content=\"article\" \/>\n<meta property=\"og:title\" content=\"Bite - Lipstick - Colour Freak Cosmetics\" \/>\n<meta property=\"og:description\" content=\"Matte lippenstift \u2013 BITE \u2013 Silky Matte Lips Colour Freak Cosmetics Bite matte lippenstift is speciaal geformuleerd voor de gevoelige lippen. Bite is rijk aan etherische oli\u00ebn waaronder, vitamine E, noten oli\u00ebn en bloemen oli\u00ebn waardoor de lippen gedurende de dag en nacht jong en gezond worden gehouden. Colour Freak Cosmetics lippenstiften bevatten geen droge formules, zodat de lippenstift niet afbrokkelt of de lippen uitdrogen. Hierdoor draagt onze Bite matte lippenstift bij aan het verbeteren en voorkomen van droge en\/of schilferende lippen. Naast deze voedende formule bezit Bite ook over een hoge pigmentatie en een exotische papaja geur, en is Bite long lasting tot wel 6+ uur en ook nog eens waterproof.\" \/>\n<meta property=\"og:url\" content=\"https:\/\/colourfreakcosmetics.com\/nl\/product\/bite-lipstick-2\/\" \/>\n<meta property=\"og:site_name\" content=\"Colour Freak Cosmetics\" \/>\n<meta property=\"article:publisher\" content=\"https:\/\/www.instagram.com\/colourfreakcosmetics\/\" \/>\n<meta property=\"article:modified_time\" content=\"2023-11-29T23:00:47+00:00\" \/>\n<meta property=\"og:image\" content=\"https:\/\/colourfreakcosmetics.com\/wp-content\/uploads\/2020\/08\/Bite-Matte.png\" \/>\n\t<meta property=\"og:image:width\" content=\"2500\" \/>\n\t<meta property=\"og:image:height\" content=\"1875\" \/>\n\t<meta property=\"og:image:type\" content=\"image\/png\" \/>\n<meta name=\"twitter:card\" content=\"summary_large_image\" \/>\n<meta name=\"twitter:label1\" content=\"Geschatte leestijd\" \/>\n\t<meta name=\"twitter:data1\" content=\"2 minuten\" \/>\n<script type=\"application\/ld+json\" class=\"yoast-schema-graph\">{\"@context\":\"https:\\\/\\\/schema.org\",\"@graph\":[{\"@type\":\"WebPage\",\"@id\":\"https:\\\/\\\/colourfreakcosmetics.com\\\/nl\\\/product\\\/bite-lipstick-2\\\/\",\"url\":\"https:\\\/\\\/colourfreakcosmetics.com\\\/nl\\\/product\\\/bite-lipstick-2\\\/\",\"name\":\"Bite - Lipstick - Colour Freak Cosmetics\",\"isPartOf\":{\"@id\":\"https:\\\/\\\/colourfreakcosmetics.com\\\/nl\\\/#website\"},\"primaryImageOfPage\":{\"@id\":\"https:\\\/\\\/colourfreakcosmetics.com\\\/nl\\\/product\\\/bite-lipstick-2\\\/#primaryimage\"},\"image\":{\"@id\":\"https:\\\/\\\/colourfreakcosmetics.com\\\/nl\\\/product\\\/bite-lipstick-2\\\/#primaryimage\"},\"thumbnailUrl\":\"https:\\\/\\\/colourfreakcosmetics.com\\\/wp-content\\\/uploads\\\/2020\\\/08\\\/Bite-Matte.png\",\"datePublished\":\"2020-08-08T08:51:41+00:00\",\"dateModified\":\"2023-11-29T23:00:47+00:00\",\"breadcrumb\":{\"@id\":\"https:\\\/\\\/colourfreakcosmetics.com\\\/nl\\\/product\\\/bite-lipstick-2\\\/#breadcrumb\"},\"inLanguage\":\"nl-NL\",\"potentialAction\":[{\"@type\":\"ReadAction\",\"target\":[\"https:\\\/\\\/colourfreakcosmetics.com\\\/nl\\\/product\\\/bite-lipstick-2\\\/\"]}]},{\"@type\":\"ImageObject\",\"inLanguage\":\"nl-NL\",\"@id\":\"https:\\\/\\\/colourfreakcosmetics.com\\\/nl\\\/product\\\/bite-lipstick-2\\\/#primaryimage\",\"url\":\"https:\\\/\\\/colourfreakcosmetics.com\\\/wp-content\\\/uploads\\\/2020\\\/08\\\/Bite-Matte.png\",\"contentUrl\":\"https:\\\/\\\/colourfreakcosmetics.com\\\/wp-content\\\/uploads\\\/2020\\\/08\\\/Bite-Matte.png\",\"width\":2500,\"height\":1875},{\"@type\":\"BreadcrumbList\",\"@id\":\"https:\\\/\\\/colourfreakcosmetics.com\\\/nl\\\/product\\\/bite-lipstick-2\\\/#breadcrumb\",\"itemListElement\":[{\"@type\":\"ListItem\",\"position\":1,\"name\":\"Home\",\"item\":\"https:\\\/\\\/colourfreakcosmetics.com\\\/nl\\\/\"},{\"@type\":\"ListItem\",\"position\":2,\"name\":\"Shop\",\"item\":\"https:\\\/\\\/colourfreakcosmetics.com\\\/nl\\\/shop\\\/\"},{\"@type\":\"ListItem\",\"position\":3,\"name\":\"Bite &#8211; Lipstick\"}]},{\"@type\":\"WebSite\",\"@id\":\"https:\\\/\\\/colourfreakcosmetics.com\\\/nl\\\/#website\",\"url\":\"https:\\\/\\\/colourfreakcosmetics.com\\\/nl\\\/\",\"name\":\"Colour Freak Cosmetics\",\"description\":\"Colour Freak Cosmetics\",\"publisher\":{\"@id\":\"https:\\\/\\\/colourfreakcosmetics.com\\\/nl\\\/#organization\"},\"potentialAction\":[{\"@type\":\"SearchAction\",\"target\":{\"@type\":\"EntryPoint\",\"urlTemplate\":\"https:\\\/\\\/colourfreakcosmetics.com\\\/nl\\\/?s={search_term_string}\"},\"query-input\":{\"@type\":\"PropertyValueSpecification\",\"valueRequired\":true,\"valueName\":\"search_term_string\"}}],\"inLanguage\":\"nl-NL\"},{\"@type\":\"Organization\",\"@id\":\"https:\\\/\\\/colourfreakcosmetics.com\\\/nl\\\/#organization\",\"name\":\"Colour Freak Cosmetics\",\"url\":\"https:\\\/\\\/colourfreakcosmetics.com\\\/nl\\\/\",\"logo\":{\"@type\":\"ImageObject\",\"inLanguage\":\"nl-NL\",\"@id\":\"https:\\\/\\\/colourfreakcosmetics.com\\\/nl\\\/#\\\/schema\\\/logo\\\/image\\\/\",\"url\":\"https:\\\/\\\/colourfreakcosmetics.com\\\/wp-content\\\/uploads\\\/2019\\\/04\\\/Signature-lip-CFC-.jpg\",\"contentUrl\":\"https:\\\/\\\/colourfreakcosmetics.com\\\/wp-content\\\/uploads\\\/2019\\\/04\\\/Signature-lip-CFC-.jpg\",\"width\":247,\"height\":233,\"caption\":\"Colour Freak Cosmetics\"},\"image\":{\"@id\":\"https:\\\/\\\/colourfreakcosmetics.com\\\/nl\\\/#\\\/schema\\\/logo\\\/image\\\/\"},\"sameAs\":[\"https:\\\/\\\/www.instagram.com\\\/colourfreakcosmetics\\\/\"]}]}<\/script>\n<!-- \/ Yoast SEO plugin. -->","yoast_head_json":{"title":"Bite - Lipstick - Colour Freak Cosmetics","robots":{"index":"index","follow":"follow","max-snippet":"max-snippet:-1","max-image-preview":"max-image-preview:large","max-video-preview":"max-video-preview:-1"},"canonical":"https:\/\/colourfreakcosmetics.com\/nl\/product\/bite-lipstick-2\/","og_locale":"nl_NL","og_type":"article","og_title":"Bite - Lipstick - Colour Freak Cosmetics","og_description":"Matte lippenstift \u2013 BITE \u2013 Silky Matte Lips Colour Freak Cosmetics Bite matte lippenstift is speciaal geformuleerd voor de gevoelige lippen. Bite is rijk aan etherische oli\u00ebn waaronder, vitamine E, noten oli\u00ebn en bloemen oli\u00ebn waardoor de lippen gedurende de dag en nacht jong en gezond worden gehouden. Colour Freak Cosmetics lippenstiften bevatten geen droge formules, zodat de lippenstift niet afbrokkelt of de lippen uitdrogen. Hierdoor draagt onze Bite matte lippenstift bij aan het verbeteren en voorkomen van droge en\/of schilferende lippen. Naast deze voedende formule bezit Bite ook over een hoge pigmentatie en een exotische papaja geur, en is Bite long lasting tot wel 6+ uur en ook nog eens waterproof.","og_url":"https:\/\/colourfreakcosmetics.com\/nl\/product\/bite-lipstick-2\/","og_site_name":"Colour Freak Cosmetics","article_publisher":"https:\/\/www.instagram.com\/colourfreakcosmetics\/","article_modified_time":"2023-11-29T23:00:47+00:00","og_image":[{"width":2500,"height":1875,"url":"https:\/\/colourfreakcosmetics.com\/wp-content\/uploads\/2020\/08\/Bite-Matte.png","type":"image\/png"}],"twitter_card":"summary_large_image","twitter_misc":{"Geschatte leestijd":"2 minuten"},"schema":{"@context":"https:\/\/schema.org","@graph":[{"@type":"WebPage","@id":"https:\/\/colourfreakcosmetics.com\/nl\/product\/bite-lipstick-2\/","url":"https:\/\/colourfreakcosmetics.com\/nl\/product\/bite-lipstick-2\/","name":"Bite - Lipstick - Colour Freak Cosmetics","isPartOf":{"@id":"https:\/\/colourfreakcosmetics.com\/nl\/#website"},"primaryImageOfPage":{"@id":"https:\/\/colourfreakcosmetics.com\/nl\/product\/bite-lipstick-2\/#primaryimage"},"image":{"@id":"https:\/\/colourfreakcosmetics.com\/nl\/product\/bite-lipstick-2\/#primaryimage"},"thumbnailUrl":"https:\/\/colourfreakcosmetics.com\/wp-content\/uploads\/2020\/08\/Bite-Matte.png","datePublished":"2020-08-08T08:51:41+00:00","dateModified":"2023-11-29T23:00:47+00:00","breadcrumb":{"@id":"https:\/\/colourfreakcosmetics.com\/nl\/product\/bite-lipstick-2\/#breadcrumb"},"inLanguage":"nl-NL","potentialAction":[{"@type":"ReadAction","target":["https:\/\/colourfreakcosmetics.com\/nl\/product\/bite-lipstick-2\/"]}]},{"@type":"ImageObject","inLanguage":"nl-NL","@id":"https:\/\/colourfreakcosmetics.com\/nl\/product\/bite-lipstick-2\/#primaryimage","url":"https:\/\/colourfreakcosmetics.com\/wp-content\/uploads\/2020\/08\/Bite-Matte.png","contentUrl":"https:\/\/colourfreakcosmetics.com\/wp-content\/uploads\/2020\/08\/Bite-Matte.png","width":2500,"height":1875},{"@type":"BreadcrumbList","@id":"https:\/\/colourfreakcosmetics.com\/nl\/product\/bite-lipstick-2\/#breadcrumb","itemListElement":[{"@type":"ListItem","position":1,"name":"Home","item":"https:\/\/colourfreakcosmetics.com\/nl\/"},{"@type":"ListItem","position":2,"name":"Shop","item":"https:\/\/colourfreakcosmetics.com\/nl\/shop\/"},{"@type":"ListItem","position":3,"name":"Bite &#8211; Lipstick"}]},{"@type":"WebSite","@id":"https:\/\/colourfreakcosmetics.com\/nl\/#website","url":"https:\/\/colourfreakcosmetics.com\/nl\/","name":"Colour Freak Cosmetics","description":"Colour Freak Cosmetics","publisher":{"@id":"https:\/\/colourfreakcosmetics.com\/nl\/#organization"},"potentialAction":[{"@type":"SearchAction","target":{"@type":"EntryPoint","urlTemplate":"https:\/\/colourfreakcosmetics.com\/nl\/?s={search_term_string}"},"query-input":{"@type":"PropertyValueSpecification","valueRequired":true,"valueName":"search_term_string"}}],"inLanguage":"nl-NL"},{"@type":"Organization","@id":"https:\/\/colourfreakcosmetics.com\/nl\/#organization","name":"Colour Freak Cosmetics","url":"https:\/\/colourfreakcosmetics.com\/nl\/","logo":{"@type":"ImageObject","inLanguage":"nl-NL","@id":"https:\/\/colourfreakcosmetics.com\/nl\/#\/schema\/logo\/image\/","url":"https:\/\/colourfreakcosmetics.com\/wp-content\/uploads\/2019\/04\/Signature-lip-CFC-.jpg","contentUrl":"https:\/\/colourfreakcosmetics.com\/wp-content\/uploads\/2019\/04\/Signature-lip-CFC-.jpg","width":247,"height":233,"caption":"Colour Freak Cosmetics"},"image":{"@id":"https:\/\/colourfreakcosmetics.com\/nl\/#\/schema\/logo\/image\/"},"sameAs":["https:\/\/www.instagram.com\/colourfreakcosmetics\/"]}]}},"jetpack_publicize_connections":[],"jetpack_sharing_enabled":true,"_links":{"self":[{"href":"https:\/\/colourfreakcosmetics.com\/nl\/wp-json\/wp\/v2\/product\/6447","targetHints":{"allow":["GET"]}}],"collection":[{"href":"https:\/\/colourfreakcosmetics.com\/nl\/wp-json\/wp\/v2\/product"}],"about":[{"href":"https:\/\/colourfreakcosmetics.com\/nl\/wp-json\/wp\/v2\/types\/product"}],"replies":[{"embeddable":true,"href":"https:\/\/colourfreakcosmetics.com\/nl\/wp-json\/wp\/v2\/comments?post=6447"}],"wp:featuredmedia":[{"embeddable":true,"href":"https:\/\/colourfreakcosmetics.com\/nl\/wp-json\/wp\/v2\/media\/6448"}],"wp:attachment":[{"href":"https:\/\/colourfreakcosmetics.com\/nl\/wp-json\/wp\/v2\/media?parent=6447"}],"wp:term":[{"taxonomy":"product_brand","embeddable":true,"href":"https:\/\/colourfreakcosmetics.com\/nl\/wp-json\/wp\/v2\/product_brand?post=6447"},{"taxonomy":"product_cat","embeddable":true,"href":"https:\/\/colourfreakcosmetics.com\/nl\/wp-json\/wp\/v2\/product_cat?post=6447"},{"taxonomy":"product_tag","embeddable":true,"href":"https:\/\/colourfreakcosmetics.com\/nl\/wp-json\/wp\/v2\/product_tag?post=6447"}],"curies":[{"name":"wp","href":"https:\/\/api.w.org\/{rel}","templated":true}]}}